{"id":908,"date":"2023-09-02T18:57:41","date_gmt":"2023-09-02T16:57:41","guid":{"rendered":"https:\/\/ornaisonscorbiereskayak.ovh\/?page_id=908"},"modified":"2025-09-02T11:54:19","modified_gmt":"2025-09-02T09:54:19","slug":"rentree","status":"publish","type":"page","link":"https:\/\/ornaisonscorbiereskayak.ovh\/index.php\/rentree\/","title":{"rendered":"Rentr\u00e9e et fiche d&rsquo;inscription"},"content":{"rendered":"\n<div data-wp-interactive=\"core\/file\" class=\"wp-block-file\"><object data-wp-bind--hidden=\"!state.hasPdfPreview\" hidden class=\"wp-block-file__embed\" data=\"https:\/\/ornaisonscorbiereskayak.ovh\/wp-content\/uploads\/2025\/09\/INSCRIPTION-KAYAK-2025-2026.pdf\" type=\"application\/pdf\" style=\"width:100%;height:600px\" aria-label=\"Contenu embarqu\u00e9 INSCRIPTION KAYAK 2025 2026.\"><\/object><a id=\"wp-block-file--media-ba833d50-5960-4f1e-ad17-3912b3570502\" href=\"https:\/\/ornaisonscorbiereskayak.ovh\/wp-content\/uploads\/2025\/09\/INSCRIPTION-KAYAK-2025-2026.pdf\">INSCRIPTION KAYAK 2025 2026<\/a><a href=\"https:\/\/ornaisonscorbiereskayak.ovh\/wp-content\/uploads\/2025\/09\/INSCRIPTION-KAYAK-2025-2026.pdf\" class=\"wp-block-file__button wp-element-button\" download aria-describedby=\"wp-block-file--media-ba833d50-5960-4f1e-ad17-3912b3570502\">T\u00e9l\u00e9charger<\/a><\/div>\n\n\n\n<p><mark style=\"background-color:var(--nv-secondary-accent)\" class=\"has-inline-color\">S\u00e9ance d\u00e9couverte kayak gratuite Samedi 13\/09\/2025 \u00e0 08h30<\/mark>. Prendre contact au 0689473218 ou 0611559457.<\/p>\n\n\n\n<p><mark style=\"background-color:var(--nv-secondary-accent)\" class=\"has-inline-color has-nv-dark-bg-color\">Rentr\u00e9e le 13 septembre 2025<\/mark> \u00e0 08h30 au club 8 Av. Saint-Marc, 11200 Ornaisons. Prendre contact au 0689473218 ou 0611559457.<\/p>\n\n\n\n<figure class=\"wp-block-image size-large is-resized\"><img loading=\"lazy\" decoding=\"async\" width=\"1024\" height=\"581\" src=\"https:\/\/ornaisonscorbiereskayak.ovh\/wp-content\/uploads\/2023\/09\/1000004619-1024x581.jpg\" alt=\"\" class=\"wp-image-934\" style=\"width:154px;height:88px\" srcset=\"https:\/\/ornaisonscorbiereskayak.ovh\/wp-content\/uploads\/2023\/09\/1000004619-1024x581.jpg 1024w, https:\/\/ornaisonscorbiereskayak.ovh\/wp-content\/uploads\/2023\/09\/1000004619-300x170.jpg 300w, https:\/\/ornaisonscorbiereskayak.ovh\/wp-content\/uploads\/2023\/09\/1000004619-768x436.jpg 768w, https:\/\/ornaisonscorbiereskayak.ovh\/wp-content\/uploads\/2023\/09\/1000004619-1536x871.jpg 1536w, https:\/\/ornaisonscorbiereskayak.ovh\/wp-content\/uploads\/2023\/09\/1000004619-2048x1162.jpg 2048w\" sizes=\"auto, (max-width: 1024px) 100vw, 1024px\" \/><\/figure>\n\n\n\n<figure class=\"wp-block-image size-full\"><img loading=\"lazy\" decoding=\"async\" width=\"1060\" height=\"1522\" src=\"https:\/\/ornaisonscorbiereskayak.ovh\/wp-content\/uploads\/2024\/08\/1000032859.jpg\" alt=\"\" class=\"wp-image-1621\" srcset=\"https:\/\/ornaisonscorbiereskayak.ovh\/wp-content\/uploads\/2024\/08\/1000032859.jpg 1060w, https:\/\/ornaisonscorbiereskayak.ovh\/wp-content\/uploads\/2024\/08\/1000032859-209x300.jpg 209w, https:\/\/ornaisonscorbiereskayak.ovh\/wp-content\/uploads\/2024\/08\/1000032859-713x1024.jpg 713w, https:\/\/ornaisonscorbiereskayak.ovh\/wp-content\/uploads\/2024\/08\/1000032859-768x1103.jpg 768w\" sizes=\"auto, (max-width: 1060px) 100vw, 1060px\" \/><\/figure>\n\n\n\n<p><br><strong><mark style=\"background-color:var(--nv-c-2)\" class=\"has-inline-color has-nv-text-dark-bg-color\">Adultes\/Adolescents 14 ans et plus<\/mark><br>Sorties \u00e0 la demi-journ\u00e9e le samedi matin<\/strong><br>En rivi\u00e8re<br>2 fois par mois environ<br>08h30 =&gt; midi<br><strong>Sorties \u00e0 la journ\u00e9e le samedi<\/strong><br>En rivi\u00e8re<br>2 fois par mois environ<br>08h30 =&gt; fin d\u2019apr\u00e8s-midi<br><strong>Sorties week-end<\/strong><br>Quelques fois par an<br><strong>Sorties de plus de 3 jours<\/strong><br>Quelques fois par an<\/p>\n\n\n\n<p><mark style=\"background-color:var(--nv-secondary-accent)\" class=\"has-inline-color\">FICHE D&rsquo;INSCRIPTION <\/mark> (tarifs inchang\u00e9s)<\/p>\n\n\n\n<figure class=\"wp-block-table\"><table><tbody><tr><td>Adh\u00e9sion annuelle&nbsp;<strong>mineur 14 ans et plus<\/strong><\/td><td>90\u20ac<\/td><\/tr><tr><td>Adh\u00e9sion annuelle&nbsp;<strong>majeur<\/strong><\/td><td>120\u20ac<\/td><\/tr><tr><td><strong>Assurance compl\u00e9mentaire<\/strong><\/td><td>12,80\u20ac<\/td><\/tr><tr><td>Adh\u00e9sion membre actif non pratiquant<\/td><td>40\u20ac<\/td><\/tr><tr><td>Titre temporaire en carnet de 5 tickets<\/td><td>30\u20ac<\/td><\/tr><\/tbody><\/table><\/figure>\n","protected":false},"excerpt":{"rendered":"<p>S\u00e9ance d\u00e9couverte kayak gratuite Samedi 13\/09\/2025 \u00e0 08h30. Prendre contact au 0689473218 ou 0611559457. Rentr\u00e9e le 13 septembre 2025 \u00e0 08h30 au club 8 Av. Saint-Marc, 11200 Ornaisons. Prendre contact au 0689473218 ou 0611559457. Adultes\/Adolescents 14 ans et plusSorties \u00e0 la demi-journ\u00e9e le samedi matinEn rivi\u00e8re2 fois par mois environ08h30 =&gt; midiSorties \u00e0 la journ\u00e9e&hellip;&nbsp;<a href=\"https:\/\/ornaisonscorbiereskayak.ovh\/index.php\/rentree\/\" class=\"\" rel=\"bookmark\">Lire la suite &raquo;<span class=\"screen-reader-text\">Rentr\u00e9e et fiche d&rsquo;inscription<\/span><\/a><\/p>\n","protected":false},"author":1,"featured_media":0,"parent":0,"menu_order":0,"comment_status":"closed","ping_status":"closed","template":"","meta":{"neve_meta_sidebar":"","neve_meta_container":"","neve_meta_enable_content_width":"","neve_meta_content_width":0,"neve_meta_title_alignment":"","neve_meta_author_avatar":"","neve_post_elements_order":"","neve_meta_disable_header":"","neve_meta_disable_footer":"","neve_meta_disable_title":"","footnotes":""},"class_list":["post-908","page","type-page","status-publish","hentry"],"_links":{"self":[{"href":"https:\/\/ornaisonscorbiereskayak.ovh\/index.php\/wp-json\/wp\/v2\/pages\/908","targetHints":{"allow":["GET"]}}],"collection":[{"href":"https:\/\/ornaisonscorbiereskayak.ovh\/index.php\/wp-json\/wp\/v2\/pages"}],"about":[{"href":"https:\/\/ornaisonscorbiereskayak.ovh\/index.php\/wp-json\/wp\/v2\/types\/page"}],"author":[{"embeddable":true,"href":"https:\/\/ornaisonscorbiereskayak.ovh\/index.php\/wp-json\/wp\/v2\/users\/1"}],"replies":[{"embeddable":true,"href":"https:\/\/ornaisonscorbiereskayak.ovh\/index.php\/wp-json\/wp\/v2\/comments?post=908"}],"version-history":[{"count":22,"href":"https:\/\/ornaisonscorbiereskayak.ovh\/index.php\/wp-json\/wp\/v2\/pages\/908\/revisions"}],"predecessor-version":[{"id":2275,"href":"https:\/\/ornaisonscorbiereskayak.ovh\/index.php\/wp-json\/wp\/v2\/pages\/908\/revisions\/2275"}],"wp:attachment":[{"href":"https:\/\/ornaisonscorbiereskayak.ovh\/index.php\/wp-json\/wp\/v2\/media?parent=908"}],"curies":[{"name":"wp","href":"https:\/\/api.w.org\/{rel}","templated":true}]}}