{"id":83,"date":"2022-09-25T10:39:02","date_gmt":"2022-09-25T08:39:02","guid":{"rendered":"http:\/\/ornaisonscorbiereskayak.ovh\/?page_id=83"},"modified":"2025-09-28T15:09:41","modified_gmt":"2025-09-28T13:09:41","slug":"videos","status":"publish","type":"page","link":"https:\/\/ornaisonscorbiereskayak.ovh\/index.php\/videos\/","title":{"rendered":"vid\u00e9os"},"content":{"rendered":"\n<figure class=\"wp-block-video\"><video height=\"352\" style=\"aspect-ratio: 640 \/ 352;\" width=\"640\" controls src=\"https:\/\/ornaisonscorbiereskayak.ovh\/wp-content\/uploads\/2022\/10\/VID-20221008-WA0001.mp4\"><\/video><figcaption class=\"wp-element-caption\"><strong>Le grand show<\/strong> !<\/figcaption><\/figure>\n\n\n\n<figure class=\"wp-block-video\"><video height=\"480\" style=\"aspect-ratio: 720 \/ 480;\" width=\"720\" controls src=\"https:\/\/ornaisonscorbiereskayak.ovh\/wp-content\/uploads\/2022\/09\/2021-05-16-video-mjc.mp4\"><\/video><figcaption class=\"wp-element-caption\"><strong>Descente de l&rsquo;Aude et navigation sur les \u00e9tangs de Bages<\/strong><\/figcaption><\/figure>\n\n\n\n<figure class=\"wp-block-video\"><video height=\"480\" style=\"aspect-ratio: 720 \/ 480;\" width=\"720\" controls src=\"https:\/\/ornaisonscorbiereskayak.ovh\/wp-content\/uploads\/2022\/09\/2022-06-07VeniseCourt2.mp4\"><\/video><figcaption class=\"wp-element-caption\"><strong>Participation de 2 adh\u00e9rents \u00e0 la Vogalonga (journ\u00e9e pendant laquelle les bateau \u00e0 rame peuvent naviguer dans Venise (Italie)<\/strong><\/figcaption><\/figure>\n\n\n\n<figure class=\"wp-block-video\"><video height=\"576\" style=\"aspect-ratio: 768 \/ 576;\" width=\"768\" controls src=\"https:\/\/ornaisonscorbiereskayak.ovh\/wp-content\/uploads\/2022\/09\/VID-20220905-WA0000.mp4\"><\/video><figcaption class=\"wp-element-caption\"><strong>Surf dans les vagues<\/strong><\/figcaption><\/figure>\n\n\n\n<p><\/p>\n\n\n\n<figure class=\"wp-block-video\"><video height=\"480\" style=\"aspect-ratio: 640 \/ 480;\" width=\"640\" controls src=\"https:\/\/ornaisonscorbiereskayak.ovh\/wp-content\/uploads\/2023\/09\/20211113BlomacStCouat02.mp4\"><\/video><\/figure>\n\n\n\n<figure class=\"wp-block-video\"><video height=\"576\" style=\"aspect-ratio: 1024 \/ 576;\" width=\"1024\" controls src=\"https:\/\/ornaisonscorbiereskayak.ovh\/wp-content\/uploads\/2023\/09\/Lagrasse-2023.mp4\"><\/video><\/figure>\n\n\n\n<figure class=\"wp-block-video\"><video height=\"480\" style=\"aspect-ratio: 720 \/ 480;\" width=\"720\" controls src=\"https:\/\/ornaisonscorbiereskayak.ovh\/wp-content\/uploads\/2023\/09\/20221023Agout.mp4\"><\/video><\/figure>\n\n\n\n<figure class=\"wp-block-video\"><video height=\"576\" style=\"aspect-ratio: 1024 \/ 576;\" width=\"1024\" controls src=\"https:\/\/ornaisonscorbiereskayak.ovh\/wp-content\/uploads\/2023\/09\/Descente-puycheric.mp4\"><\/video><\/figure>\n\n\n\n<p>Fontauli\u00e8re 09\/2025<\/p>\n\n\n\n<figure class=\"wp-block-video\"><video height=\"1080\" style=\"aspect-ratio: 1920 \/ 1080;\" width=\"1920\" controls src=\"https:\/\/ornaisonscorbiereskayak.ovh\/wp-content\/uploads\/2025\/09\/La_Fontauliere_2025_reduit.mp4\"><\/video><\/figure>\n","protected":false},"excerpt":{"rendered":"<p>Fontauli\u00e8re 09\/2025<\/p>\n","protected":false},"author":1,"featured_media":0,"parent":0,"menu_order":0,"comment_status":"closed","ping_status":"closed","template":"","meta":{"neve_meta_sidebar":"","neve_meta_container":"","neve_meta_enable_content_width":"","neve_meta_content_width":0,"neve_meta_title_alignment":"","neve_meta_author_avatar":"","neve_post_elements_order":"","neve_meta_disable_header":"","neve_meta_disable_footer":"","neve_meta_disable_title":"","footnotes":""},"class_list":["post-83","page","type-page","status-publish","hentry"],"_links":{"self":[{"href":"https:\/\/ornaisonscorbiereskayak.ovh\/index.php\/wp-json\/wp\/v2\/pages\/83","targetHints":{"allow":["GET"]}}],"collection":[{"href":"https:\/\/ornaisonscorbiereskayak.ovh\/index.php\/wp-json\/wp\/v2\/pages"}],"about":[{"href":"https:\/\/ornaisonscorbiereskayak.ovh\/index.php\/wp-json\/wp\/v2\/types\/page"}],"author":[{"embeddable":true,"href":"https:\/\/ornaisonscorbiereskayak.ovh\/index.php\/wp-json\/wp\/v2\/users\/1"}],"replies":[{"embeddable":true,"href":"https:\/\/ornaisonscorbiereskayak.ovh\/index.php\/wp-json\/wp\/v2\/comments?post=83"}],"version-history":[{"count":7,"href":"https:\/\/ornaisonscorbiereskayak.ovh\/index.php\/wp-json\/wp\/v2\/pages\/83\/revisions"}],"predecessor-version":[{"id":2418,"href":"https:\/\/ornaisonscorbiereskayak.ovh\/index.php\/wp-json\/wp\/v2\/pages\/83\/revisions\/2418"}],"wp:attachment":[{"href":"https:\/\/ornaisonscorbiereskayak.ovh\/index.php\/wp-json\/wp\/v2\/media?parent=83"}],"curies":[{"name":"wp","href":"https:\/\/api.w.org\/{rel}","templated":true}]}}